{"id":2597,"date":"2023-01-17T14:58:17","date_gmt":"2023-01-17T14:58:17","guid":{"rendered":"https:\/\/www.optimized.ro\/?page_id=2597"},"modified":"2023-02-08T09:46:43","modified_gmt":"2023-02-08T09:46:43","slug":"studiu-de-caz-marelbo","status":"publish","type":"page","link":"https:\/\/www.optimized.ro\/en\/studiu-de-caz-marelbo\/","title":{"rendered":"Studiu de caz Marelbo"},"content":{"rendered":"<div class=\"wp-block-cover is-light full-width-container studiu-cover\"><span aria-hidden=\"true\" class=\"wp-block-cover__background has-background-dim\"><\/span><img loading=\"lazy\" decoding=\"async\" width=\"1903\" height=\"448\" class=\"wp-block-cover__image-background wp-image-894\" alt=\"\" src=\"https:\/\/optimized1.wpengine.com\/wp-content\/uploads\/2022\/11\/Group-267.png\" data-object-fit=\"cover\" srcset=\"https:\/\/www.optimized.ro\/wp-content\/uploads\/2022\/11\/Group-267.png 1903w, https:\/\/www.optimized.ro\/wp-content\/uploads\/2022\/11\/Group-267-300x71.png 300w, https:\/\/www.optimized.ro\/wp-content\/uploads\/2022\/11\/Group-267-1024x241.png 1024w, https:\/\/www.optimized.ro\/wp-content\/uploads\/2022\/11\/Group-267-768x181.png 768w, https:\/\/www.optimized.ro\/wp-content\/uploads\/2022\/11\/Group-267-1536x362.png 1536w\" sizes=\"auto, (max-width: 1903px) 100vw, 1903px\" \/><div class=\"wp-block-cover__inner-container is-layout-flow wp-block-cover-is-layout-flow\">\n<p class=\"cover-big-title has-background-color has-text-color\">Case study: Marelbo<\/p>\n\n\n\n<p class=\"text-block has-background-color has-text-color\">4 years of collaboration in performance marketing with Optimized<\/p>\n<\/div><\/div>\n\n\n\n<div class=\"wp-block-group studii-rezultate-main is-layout-constrained wp-block-group-is-layout-constrained\">\n<div class=\"wp-block-group studiu-rezulate-group is-layout-constrained wp-block-group-is-layout-constrained\">\n<p class=\"white-box-title\">Results<\/p>\n\n\n\n<figure class=\"wp-block-image size-full rezultate-snake animated fadeInUp\"><img loading=\"lazy\" decoding=\"async\" width=\"582\" height=\"173\" src=\"https:\/\/optimized1.wpengine.com\/wp-content\/uploads\/2022\/11\/Group-268.png\" alt=\"\" class=\"wp-image-897\" srcset=\"https:\/\/www.optimized.ro\/wp-content\/uploads\/2022\/11\/Group-268.png 582w, https:\/\/www.optimized.ro\/wp-content\/uploads\/2022\/11\/Group-268-300x89.png 300w\" sizes=\"auto, (max-width: 582px) 100vw, 582px\" \/><\/figure>\n\n\n\n<div class=\"wp-block-group studiu-rezultate-icons-groups is-layout-constrained wp-block-group-is-layout-constrained\">\n<div class=\"wp-block-group rezultate-icons-group first animated fadeInLeft is-layout-constrained wp-block-group-is-layout-constrained\">\n<figure class=\"wp-block-image size-full\"><img loading=\"lazy\" decoding=\"async\" width=\"160\" height=\"160\" src=\"https:\/\/optimized1.wpengine.com\/wp-content\/uploads\/2022\/11\/Group-270.png\" alt=\"\" class=\"wp-image-898\" srcset=\"https:\/\/www.optimized.ro\/wp-content\/uploads\/2022\/11\/Group-270.png 160w, https:\/\/www.optimized.ro\/wp-content\/uploads\/2022\/11\/Group-270-150x150.png 150w\" sizes=\"auto, (max-width: 160px) 100vw, 160px\" \/><\/figure>\n\n\n\n<p class=\"cover-big-title\">4 years<\/p>\n\n\n\n<p class=\"green-box-info\"><strong>of pay per click marketing with Optimized<\/strong><\/p>\n<\/div>\n\n\n\n<div class=\"wp-block-group rezultate-icons-group second animated fadeInRight is-layout-constrained wp-block-group-is-layout-constrained\"><\/div>\n<\/div>\n<\/div>\n<\/div>\n\n\n\n<div class=\"wp-block-group curs-trainer-main actiuni-derulate-main is-layout-constrained wp-block-group-is-layout-constrained\">\n<div class=\"wp-block-group basic-container curs-alege-container is-layout-constrained wp-block-group-is-layout-constrained\">\n<div class=\"wp-block-group curs-alege-group is-layout-constrained wp-block-group-is-layout-constrained\">\n<div class=\"wp-block-group curs-trainer-text animated fadeInUp is-layout-constrained wp-block-group-is-layout-constrained\">\n<p class=\"white-box-title\">Implementation phase<\/p>\n\n\n\n<div class=\"wp-block-group curs-text-group is-layout-constrained wp-block-group-is-layout-constrained\">\n<figure class=\"wp-block-image size-full\"><img loading=\"lazy\" decoding=\"async\" width=\"20\" height=\"20\" src=\"https:\/\/optimized1.wpengine.com\/wp-content\/uploads\/2022\/11\/Vector-21.png\" alt=\"\" class=\"wp-image-751\"\/><\/figure>\n\n\n\n<p class=\"green-box-info\">Analyzing and understanding the Consumer Journey Map<\/p>\n<\/div>\n\n\n\n<div class=\"wp-block-group curs-text-group is-layout-constrained wp-block-group-is-layout-constrained\">\n<figure class=\"wp-block-image size-full\"><img loading=\"lazy\" decoding=\"async\" width=\"20\" height=\"20\" src=\"https:\/\/optimized1.wpengine.com\/wp-content\/uploads\/2022\/11\/Vector-21.png\" alt=\"\" class=\"wp-image-751\"\/><\/figure>\n\n\n\n<p class=\"green-box-info\">Performance marketing strategy<\/p>\n<\/div>\n\n\n\n<div class=\"wp-block-group curs-text-group is-layout-constrained wp-block-group-is-layout-constrained\">\n<figure class=\"wp-block-image size-full\"><img loading=\"lazy\" decoding=\"async\" width=\"20\" height=\"20\" src=\"https:\/\/optimized1.wpengine.com\/wp-content\/uploads\/2022\/11\/Vector-21.png\" alt=\"\" class=\"wp-image-751\"\/><\/figure>\n\n\n\n<p class=\"green-box-info\">Implementation and management of PPC campaigns<\/p>\n<\/div>\n\n\n\n<div class=\"wp-block-group curs-text-group is-layout-constrained wp-block-group-is-layout-constrained\">\n<figure class=\"wp-block-image size-full\"><img loading=\"lazy\" decoding=\"async\" width=\"20\" height=\"20\" src=\"https:\/\/optimized1.wpengine.com\/wp-content\/uploads\/2022\/11\/Vector-21.png\" alt=\"\" class=\"wp-image-751\"\/><\/figure>\n\n\n\n<p class=\"green-box-info\">Scaling accounts<\/p>\n<\/div>\n<\/div>\n\n\n\n<figure class=\"wp-block-image size-full curs-trainer-main-img animated fadeInRight\"><img loading=\"lazy\" decoding=\"async\" width=\"852\" height=\"544\" src=\"https:\/\/www.optimized.ro\/wp-content\/uploads\/2022\/10\/asss-1.png\" alt=\"\" class=\"wp-image-280\" srcset=\"https:\/\/www.optimized.ro\/wp-content\/uploads\/2022\/10\/asss-1.png 852w, https:\/\/www.optimized.ro\/wp-content\/uploads\/2022\/10\/asss-1-300x192.png 300w, https:\/\/www.optimized.ro\/wp-content\/uploads\/2022\/10\/asss-1-768x490.png 768w\" sizes=\"auto, (max-width: 852px) 100vw, 852px\" \/><\/figure>\n<\/div>\n<\/div>\n<\/div>\n\n\n\n<div class=\"wp-block-group studiu-text-columns-main basic-container is-layout-constrained wp-block-group-is-layout-constrained\">\n<div class=\"wp-block-columns studiu-text-columns is-layout-flex wp-container-core-columns-is-layout-28f84493 wp-block-columns-is-layout-flex\">\n<div class=\"wp-block-column studiu-text-column-first animated fadeInLeft is-layout-flow wp-block-column-is-layout-flow\">\n<p class=\"white-box-title\">Marelbo - objectives<\/p>\n\n\n\n<p class=\"green-box-info\">1. Growth in conversion volume.<\/p>\n\n\n\n<p class=\"green-box-info\">2. Maintaining ROI.<\/p>\n<\/div>\n\n\n\n<div class=\"wp-block-column studiu-text-column-second animated fadeInRight is-layout-flow wp-block-column-is-layout-flow\">\n<p class=\"white-box-title translation-block\"><strong>Marelbo<\/strong> and Optimized - Collaboration journey<\/p>\n\n\n\n<p class=\"green-box-info\">Marelbo is a Romanian genuine leather footwear brand with an experience of more than 30 years in this field. The Marelbo concept is based on a simple structure: products made in Romania, over 50 stores all over the country and a website with widespread international use.<\/p>\n\n\n\n<p>The process of purchasing shoes online can be quite complex. Thus, the marketing strategy implemented was adapted to reach potential customers by using the right messages meant to display their needs.<\/p>\n\n\n\n<p>For more than four years, the collaboration between Optimized and Marelbo has evolved by focusing on the implementation of performance marketing strategies and management of pay per click channels. As a result, the store has managed to register an increase in brand awareness and YoY conversions.<\/p>\n<\/div>\n<\/div>\n<\/div>\n\n\n\n<div class=\"wp-block-group studiu-testimonial-main is-layout-constrained wp-block-group-is-layout-constrained\">\n<div class=\"wp-block-group studiu-testimonial-group is-layout-constrained wp-block-group-is-layout-constrained\">\n<p class=\"white-box-title\">Testimonial<\/p>\n\n\n\n<figure class=\"wp-block-image size-full\"><img loading=\"lazy\" decoding=\"async\" width=\"33\" height=\"20\" src=\"https:\/\/optimized1.wpengine.com\/wp-content\/uploads\/2022\/11\/1-1.png\" alt=\"\" class=\"wp-image-921\"\/><\/figure>\n\n\n\n<p class=\"green-box-info\">Using the best marketing strategies provided by Optimized has helped us increase our brand awareness, by gaining huge visibility and by providing customers with new, handy products, manufactured and designed in Bucovina.<\/p>\n\n\n\n<p class=\"green-box-info testimonial-author\">Ionu\u021b Bobu, CEO Marelbo<\/p>\n<\/div>\n<\/div>\n\n\n\n<div class=\"wp-block-group alte-studii-main is-layout-constrained wp-block-group-is-layout-constrained\">\n<p class=\"white-box-title\">More case studies<\/p>\n\n\n\n<div class=\"wp-block-group alte-studii-groups animated fadeInUp is-layout-constrained wp-block-group-is-layout-constrained\">\n<div class=\"wp-block-group alte-studii-group is-layout-constrained wp-block-group-is-layout-constrained\">\n<p class=\"link\"><a href=\"https:\/\/www.optimized.ro\/en\/studiu-de-caz-sevensins\/\" data-type=\"URL\" data-id=\"\/studiu-de-caz-sevensins\/\">\/en\/studiu-de-caz-sevensins\/<\/a><\/p>\n\n\n\n<div class=\"wp-block-cover is-light\"><span aria-hidden=\"true\" class=\"wp-block-cover__background has-background-dim\"><\/span><img loading=\"lazy\" decoding=\"async\" width=\"452\" height=\"451\" class=\"wp-block-cover__image-background wp-image-929\" alt=\"\" src=\"https:\/\/optimized1.wpengine.com\/wp-content\/uploads\/2022\/11\/Group-274.png\" data-object-fit=\"cover\" srcset=\"https:\/\/www.optimized.ro\/wp-content\/uploads\/2022\/11\/Group-274.png 452w, https:\/\/www.optimized.ro\/wp-content\/uploads\/2022\/11\/Group-274-300x300.png 300w, https:\/\/www.optimized.ro\/wp-content\/uploads\/2022\/11\/Group-274-150x150.png 150w\" sizes=\"auto, (max-width: 452px) 100vw, 452px\" \/><div class=\"wp-block-cover__inner-container is-layout-flow wp-block-cover-is-layout-flow\">\n<p class=\"cover-big-title\">+61%<\/p>\n\n\n\n<p class=\"green-box-info\">YoY transactions<\/p>\n<\/div><\/div>\n\n\n\n<figure class=\"wp-block-image size-full alte-studii-logo\"><img loading=\"lazy\" decoding=\"async\" width=\"149\" height=\"79\" src=\"https:\/\/optimized1.wpengine.com\/wp-content\/uploads\/2022\/11\/9-3.png\" alt=\"\" class=\"wp-image-667\"\/><\/figure>\n<\/div>\n\n\n\n<div class=\"wp-block-group alte-studii-group is-layout-constrained wp-block-group-is-layout-constrained\">\n<p class=\"link\"><a href=\"https:\/\/www.optimized.ro\/en\/studiu-de-caz-pc-garage\/\">\/en\/studiu-de-caz-sevensins\/<\/a><\/p>\n\n\n\n<div class=\"wp-block-cover\"><span aria-hidden=\"true\" class=\"wp-block-cover__background has-background-dim\"><\/span><img loading=\"lazy\" decoding=\"async\" width=\"452\" height=\"451\" class=\"wp-block-cover__image-background wp-image-930\" alt=\"\" src=\"https:\/\/www.optimized.ro\/wp-content\/uploads\/2022\/11\/Group-275.png\" data-object-fit=\"cover\" srcset=\"https:\/\/www.optimized.ro\/wp-content\/uploads\/2022\/11\/Group-275.png 452w, https:\/\/www.optimized.ro\/wp-content\/uploads\/2022\/11\/Group-275-300x300.png 300w, https:\/\/www.optimized.ro\/wp-content\/uploads\/2022\/11\/Group-275-150x150.png 150w\" sizes=\"auto, (max-width: 452px) 100vw, 452px\" \/><div class=\"wp-block-cover__inner-container is-layout-flow wp-block-cover-is-layout-flow\">\n<p class=\"cover-big-title\">+75%<\/p>\n\n\n\n<p class=\"green-box-info\">YoY transactions<\/p>\n<\/div><\/div>\n\n\n\n<figure class=\"wp-block-image size-full alte-studii-logo\"><img loading=\"lazy\" decoding=\"async\" width=\"129\" height=\"58\" src=\"https:\/\/www.optimized.ro\/wp-content\/uploads\/2022\/11\/2-24.png\" alt=\"\" class=\"wp-image-666\"\/><\/figure>\n<\/div>\n\n\n\n<div class=\"wp-block-group alte-studii-group last marelbo is-layout-constrained wp-block-group-is-layout-constrained\">\n<p class=\"link\"><a href=\"https:\/\/www.optimized.ro\/en\/studiu-de-caz-republica-bio\/\">Studiu de caz Marelbo\/studiu-de-caz-sevensins\/\/studiu-de-caz-sevensins\/<\/a><\/p>\n\n\n\n<div class=\"wp-block-cover\"><span aria-hidden=\"true\" class=\"wp-block-cover__background has-background-dim\"><\/span><img loading=\"lazy\" decoding=\"async\" width=\"1903\" height=\"448\" class=\"wp-block-cover__image-background wp-image-894\" alt=\"\" src=\"https:\/\/www.optimized.ro\/wp-content\/uploads\/2022\/11\/Group-267.png\" data-object-fit=\"cover\" srcset=\"https:\/\/www.optimized.ro\/wp-content\/uploads\/2022\/11\/Group-267.png 1903w, https:\/\/www.optimized.ro\/wp-content\/uploads\/2022\/11\/Group-267-300x71.png 300w, https:\/\/www.optimized.ro\/wp-content\/uploads\/2022\/11\/Group-267-1024x241.png 1024w, https:\/\/www.optimized.ro\/wp-content\/uploads\/2022\/11\/Group-267-768x181.png 768w, https:\/\/www.optimized.ro\/wp-content\/uploads\/2022\/11\/Group-267-1536x362.png 1536w\" sizes=\"auto, (max-width: 1903px) 100vw, 1903px\" \/><div class=\"wp-block-cover__inner-container is-layout-flow wp-block-cover-is-layout-flow\">\n<p class=\"cover-big-title\">+50%<\/p>\n\n\n\n<p class=\"green-box-info\">YoY transactions<\/p>\n<\/div><\/div>\n\n\n\n<figure class=\"wp-block-image size-full alte-studii-logo\"><img loading=\"lazy\" decoding=\"async\" width=\"206\" height=\"92\" src=\"https:\/\/www.optimized.ro\/wp-content\/uploads\/2022\/11\/3-2.png\" alt=\"\" class=\"wp-image-664\"\/><\/figure>\n<\/div>\n<\/div>\n<\/div>\n\n\n\n<div class=\"wp-block-group basic-container form-container alte-studii-form is-layout-flow wp-block-group-is-layout-flow\">\n<figure class=\"wp-block-image size-full orange-elipse\"><img loading=\"lazy\" decoding=\"async\" width=\"104\" height=\"96\" src=\"https:\/\/optimized1.wpengine.com\/wp-content\/uploads\/2022\/10\/Ellipse-34.png\" alt=\"\" class=\"wp-image-512\"\/><\/figure>\n\n\n\n<figure class=\"wp-block-image size-full green-circle\"><img loading=\"lazy\" decoding=\"async\" width=\"56\" height=\"56\" src=\"https:\/\/optimized1.wpengine.com\/wp-content\/uploads\/2022\/10\/Ellipse-24.png\" alt=\"\" class=\"wp-image-202\"\/><\/figure>\n\n\n\n<p class=\"white-box-title\">Let's get to know each other!<\/p>\n\n\n<div class=\"wpcf7 no-js\" id=\"wpcf7-f939-o1\" lang=\"en-US\" dir=\"ltr\">\n<div class=\"screen-reader-response\"><p role=\"status\" aria-live=\"polite\" aria-atomic=\"true\"><\/p> <ul><\/ul><\/div>\n<form action=\"\/en\/wp-json\/wp\/v2\/pages\/2597#wpcf7-f939-o1\" method=\"post\" class=\"wpcf7-form init\" aria-label=\"Contact form\" novalidate=\"novalidate\" data-status=\"init\" data-trp-original-action=\"\/en\/wp-json\/wp\/v2\/pages\/2597#wpcf7-f939-o1\">\n<div style=\"display: none;\">\n<input type=\"hidden\" name=\"_wpcf7\" value=\"939\" \/>\n<input type=\"hidden\" name=\"_wpcf7_version\" value=\"5.7.2\" \/>\n<input type=\"hidden\" name=\"_wpcf7_locale\" value=\"en_US\" \/>\n<input type=\"hidden\" name=\"_wpcf7_unit_tag\" value=\"wpcf7-f939-o1\" \/>\n<input type=\"hidden\" name=\"_wpcf7_container_post\" value=\"0\" \/>\n<input type=\"hidden\" name=\"_wpcf7_posted_data_hash\" value=\"\" \/>\n<input type=\"hidden\" name=\"_wpcf7_recaptcha_response\" value=\"\" \/>\n<\/div>\n<div class=\"optimized-form-container\">\n\t<div class=\"nume-prenume-group\">\n\t\t<div class=\"nume-div\">\n\t\t\t<p><span class=\"wpcf7-form-control-wrap\" data-name=\"nume\"><input size=\"40\" class=\"wpcf7-form-control wpcf7-text wpcf7-validates-as-required\" aria-required=\"true\" aria-invalid=\"false\" placeholder=\"Name\" value=\"\" type=\"text\" name=\"nume\" \/><\/span>\n\t\t\t<\/p>\n\t\t<\/div>\n\t\t<div class=\"prenume-div\">\n\t\t\t<p><span class=\"wpcf7-form-control-wrap\" data-name=\"prenume\"><input size=\"40\" class=\"wpcf7-form-control wpcf7-text wpcf7-validates-as-required\" aria-required=\"true\" aria-invalid=\"false\" placeholder=\"First name\" value=\"\" type=\"text\" name=\"prenume\" \/><\/span>\n\t\t\t<\/p>\n\t\t<\/div>\n\t<\/div>\n\t<div class=\"telefon-email-group\">\n\t\t<div class=\"telefon-div\">\n\t\t\t<p><span class=\"wpcf7-form-control-wrap\" data-name=\"tel-357\"><input size=\"40\" class=\"wpcf7-form-control wpcf7-text wpcf7-tel wpcf7-validates-as-required wpcf7-validates-as-tel\" aria-required=\"true\" aria-invalid=\"false\" placeholder=\"Phone number\" value=\"\" type=\"tel\" name=\"tel-357\" \/><\/span>\n\t\t\t<\/p>\n\t\t<\/div>\n\t\t<div class=\"email-div\">\n\t\t\t<p><span class=\"wpcf7-form-control-wrap\" data-name=\"email\"><input size=\"40\" class=\"wpcf7-form-control wpcf7-text wpcf7-email wpcf7-validates-as-required wpcf7-validates-as-email\" aria-required=\"true\" aria-invalid=\"false\" placeholder=\"Email\" value=\"\" type=\"email\" name=\"email\" \/><\/span>\n\t\t\t<\/p>\n\t\t<\/div>\n\t<\/div>\n\t<div class=\"mesaj-group\">\n\t\t<p><span class=\"wpcf7-form-control-wrap\" data-name=\"mesajul-tau\"><textarea cols=\"40\" rows=\"10\" class=\"wpcf7-form-control wpcf7-textarea\" aria-invalid=\"false\" placeholder=\"Message\" name=\"mesajul-tau\"><\/textarea><\/span>\n\t\t<\/p>\n\t<\/div>\n\t<div class=\"check-button-group\">\n\t\t<p><span class=\"wpcf7-form-control-wrap\" data-name=\"checkbox-572\"><span class=\"wpcf7-form-control wpcf7-checkbox wpcf7-validates-as-required form-checkbox\"><span class=\"wpcf7-list-item first last\"><label><input type=\"checkbox\" name=\"checkbox-572[]\" value=\"Sunt de acord cu politica de prelucrare a datelor cu caracter personal\" tabindex=\"\" \/><span class=\"wpcf7-list-item-label\">I agree to the Privacy policy.<\/span><\/label><\/span><\/span><\/span>\n\t\t<\/p>\n\t\t<div class=\"button-div\">\n\t\t\t<p><input class=\"wpcf7-form-control has-spinner wpcf7-submit form-button\" type=\"submit\" value=\"REQUEST AN OFFER\" \/>\n\t\t\t<\/p>\n\t\t<\/div>\n\t<\/div>\n<\/div><div class=\"wpcf7-response-output\" aria-hidden=\"true\"><\/div><input type=\"hidden\" name=\"trp-form-language\" value=\"en\"\/><\/form><\/div>\n\n\n\n<figure class=\"wp-block-image size-full orange-circle\"><img loading=\"lazy\" decoding=\"async\" width=\"38\" height=\"38\" src=\"https:\/\/optimized1.wpengine.com\/wp-content\/uploads\/2022\/10\/Ellipse-25.png\" alt=\"\" class=\"wp-image-203\"\/><\/figure>\n\n\n\n<figure class=\"wp-block-image size-full green-elipse\"><img loading=\"lazy\" decoding=\"async\" width=\"161\" height=\"149\" src=\"https:\/\/optimized1.wpengine.com\/wp-content\/uploads\/2022\/10\/Ellipse-33.png\" alt=\"\" class=\"wp-image-513\"\/><\/figure>\n<\/div>","protected":false},"excerpt":{"rendered":"<p>Rezultate 4 ani De colaborare cu agen\u021bia Optimized Ac\u021biuni derulate \u00cen\u021belegerea Consumer Journey Strategia performance marketing Implementarea \u0219i gestionarea campaniilor PPC Scalarea conturilor Marelbo &#8211; obiective 1. Cre\u0219terea volumului de conversii. 2. Men\u021binerea rentabilit\u0103\u021bii investi\u021biei. Colaborarea dintre Marelbo \u0219i agen\u021bia Optimized Marelbo este produc\u0103tor rom\u00e2n de \u00eenc\u0103l\u021b\u0103minte din piele natural\u0103, cu o tradi\u021bie de peste [&hellip;]<\/p>","protected":false},"author":1,"featured_media":0,"parent":0,"menu_order":0,"comment_status":"closed","ping_status":"closed","template":"","meta":{"inline_featured_image":false,"footnotes":""},"class_list":["post-2597","page","type-page","status-publish","hentry"],"yoast_head":"<!-- This site is optimized with the Yoast SEO plugin v19.14 - https:\/\/yoast.com\/wordpress\/plugins\/seo\/ -->\n<title>Studiu de caz Marelbo - Optimized<\/title>\n<meta name=\"robots\" content=\"index, follow, max-snippet:-1, max-image-preview:large, max-video-preview:-1\" \/>\n<link rel=\"canonical\" href=\"https:\/\/www.optimized.ro\/en\/studiu-de-caz-marelbo\/\" \/>\n<meta property=\"og:locale\" content=\"en_US\" \/>\n<meta property=\"og:type\" content=\"article\" \/>\n<meta property=\"og:title\" content=\"Studiu de caz Marelbo - Optimized\" \/>\n<meta property=\"og:description\" content=\"Rezultate 4 ani De colaborare cu agen\u021bia Optimized Ac\u021biuni derulate \u00cen\u021belegerea Consumer Journey Strategia performance marketing Implementarea \u0219i gestionarea campaniilor PPC Scalarea conturilor Marelbo &#8211; obiective 1. Cre\u0219terea volumului de conversii. 2. Men\u021binerea rentabilit\u0103\u021bii investi\u021biei. Colaborarea dintre Marelbo \u0219i agen\u021bia Optimized Marelbo este produc\u0103tor rom\u00e2n de \u00eenc\u0103l\u021b\u0103minte din piele natural\u0103, cu o tradi\u021bie de peste [&hellip;]\" \/>\n<meta property=\"og:url\" content=\"https:\/\/www.optimized.ro\/en\/studiu-de-caz-marelbo\/\" \/>\n<meta property=\"og:site_name\" content=\"Optimized\" \/>\n<meta property=\"article:modified_time\" content=\"2023-02-08T09:46:43+00:00\" \/>\n<meta property=\"og:image\" content=\"https:\/\/optimized1.wpengine.com\/wp-content\/uploads\/2022\/11\/Group-267.png\" \/>\n<meta name=\"twitter:card\" content=\"summary_large_image\" \/>\n<meta name=\"twitter:label1\" content=\"Est. reading time\" \/>\n\t<meta name=\"twitter:data1\" content=\"6 minutes\" \/>\n<script type=\"application\/ld+json\" class=\"yoast-schema-graph\">{\"@context\":\"https:\/\/schema.org\",\"@graph\":[{\"@type\":\"WebPage\",\"@id\":\"https:\/\/www.optimized.ro\/studiu-de-caz-marelbo\/\",\"url\":\"https:\/\/www.optimized.ro\/studiu-de-caz-marelbo\/\",\"name\":\"Studiu de caz Marelbo - Optimized\",\"isPartOf\":{\"@id\":\"https:\/\/www.optimized.ro\/#website\"},\"datePublished\":\"2023-01-17T14:58:17+00:00\",\"dateModified\":\"2023-02-08T09:46:43+00:00\",\"breadcrumb\":{\"@id\":\"https:\/\/www.optimized.ro\/studiu-de-caz-marelbo\/#breadcrumb\"},\"inLanguage\":\"en-US\",\"potentialAction\":[{\"@type\":\"ReadAction\",\"target\":[\"https:\/\/www.optimized.ro\/studiu-de-caz-marelbo\/\"]}]},{\"@type\":\"BreadcrumbList\",\"@id\":\"https:\/\/www.optimized.ro\/studiu-de-caz-marelbo\/#breadcrumb\",\"itemListElement\":[{\"@type\":\"ListItem\",\"position\":1,\"name\":\"Home\",\"item\":\"https:\/\/www.optimized.ro\/\"},{\"@type\":\"ListItem\",\"position\":2,\"name\":\"Studiu de caz Marelbo\"}]},{\"@type\":\"WebSite\",\"@id\":\"https:\/\/www.optimized.ro\/#website\",\"url\":\"https:\/\/www.optimized.ro\/\",\"name\":\"Optimized\",\"description\":\"AI-ready marketing agency\",\"publisher\":{\"@id\":\"https:\/\/www.optimized.ro\/#organization\"},\"potentialAction\":[{\"@type\":\"SearchAction\",\"target\":{\"@type\":\"EntryPoint\",\"urlTemplate\":\"https:\/\/www.optimized.ro\/?s={search_term_string}\"},\"query-input\":\"required name=search_term_string\"}],\"inLanguage\":\"en-US\"},{\"@type\":\"Organization\",\"@id\":\"https:\/\/www.optimized.ro\/#organization\",\"name\":\"Optimized\",\"url\":\"https:\/\/www.optimized.ro\/\",\"logo\":{\"@type\":\"ImageObject\",\"inLanguage\":\"en-US\",\"@id\":\"https:\/\/www.optimized.ro\/#\/schema\/logo\/image\/\",\"url\":\"https:\/\/www.optimized.ro\/wp-content\/uploads\/2023\/01\/logo_Optimized_Q-1.svg\",\"contentUrl\":\"https:\/\/www.optimized.ro\/wp-content\/uploads\/2023\/01\/logo_Optimized_Q-1.svg\",\"caption\":\"Optimized\"},\"image\":{\"@id\":\"https:\/\/www.optimized.ro\/#\/schema\/logo\/image\/\"}}]}<\/script>\n<!-- \/ Yoast SEO plugin. -->","yoast_head_json":{"title":"Studiu de caz Marelbo - Optimized","robots":{"index":"index","follow":"follow","max-snippet":"max-snippet:-1","max-image-preview":"max-image-preview:large","max-video-preview":"max-video-preview:-1"},"canonical":"https:\/\/www.optimized.ro\/en\/studiu-de-caz-marelbo\/","og_locale":"en_US","og_type":"article","og_title":"Studiu de caz Marelbo - Optimized","og_description":"Rezultate 4 ani De colaborare cu agen\u021bia Optimized Ac\u021biuni derulate \u00cen\u021belegerea Consumer Journey Strategia performance marketing Implementarea \u0219i gestionarea campaniilor PPC Scalarea conturilor Marelbo &#8211; obiective 1. Cre\u0219terea volumului de conversii. 2. Men\u021binerea rentabilit\u0103\u021bii investi\u021biei. Colaborarea dintre Marelbo \u0219i agen\u021bia Optimized Marelbo este produc\u0103tor rom\u00e2n de \u00eenc\u0103l\u021b\u0103minte din piele natural\u0103, cu o tradi\u021bie de peste [&hellip;]","og_url":"https:\/\/www.optimized.ro\/en\/studiu-de-caz-marelbo\/","og_site_name":"Optimized","article_modified_time":"2023-02-08T09:46:43+00:00","og_image":[{"url":"https:\/\/optimized1.wpengine.com\/wp-content\/uploads\/2022\/11\/Group-267.png"}],"twitter_card":"summary_large_image","twitter_misc":{"Est. reading time":"6 minutes"},"schema":{"@context":"https:\/\/schema.org","@graph":[{"@type":"WebPage","@id":"https:\/\/www.optimized.ro\/studiu-de-caz-marelbo\/","url":"https:\/\/www.optimized.ro\/studiu-de-caz-marelbo\/","name":"Studiu de caz Marelbo - Optimized","isPartOf":{"@id":"https:\/\/www.optimized.ro\/#website"},"datePublished":"2023-01-17T14:58:17+00:00","dateModified":"2023-02-08T09:46:43+00:00","breadcrumb":{"@id":"https:\/\/www.optimized.ro\/studiu-de-caz-marelbo\/#breadcrumb"},"inLanguage":"en-US","potentialAction":[{"@type":"ReadAction","target":["https:\/\/www.optimized.ro\/studiu-de-caz-marelbo\/"]}]},{"@type":"BreadcrumbList","@id":"https:\/\/www.optimized.ro\/studiu-de-caz-marelbo\/#breadcrumb","itemListElement":[{"@type":"ListItem","position":1,"name":"Home","item":"https:\/\/www.optimized.ro\/"},{"@type":"ListItem","position":2,"name":"Studiu de caz Marelbo"}]},{"@type":"WebSite","@id":"https:\/\/www.optimized.ro\/#website","url":"https:\/\/www.optimized.ro\/","name":"Optimized","description":"AI-ready marketing agency","publisher":{"@id":"https:\/\/www.optimized.ro\/#organization"},"potentialAction":[{"@type":"SearchAction","target":{"@type":"EntryPoint","urlTemplate":"https:\/\/www.optimized.ro\/?s={search_term_string}"},"query-input":"required name=search_term_string"}],"inLanguage":"en-US"},{"@type":"Organization","@id":"https:\/\/www.optimized.ro\/#organization","name":"Optimized","url":"https:\/\/www.optimized.ro\/","logo":{"@type":"ImageObject","inLanguage":"en-US","@id":"https:\/\/www.optimized.ro\/#\/schema\/logo\/image\/","url":"https:\/\/www.optimized.ro\/wp-content\/uploads\/2023\/01\/logo_Optimized_Q-1.svg","contentUrl":"https:\/\/www.optimized.ro\/wp-content\/uploads\/2023\/01\/logo_Optimized_Q-1.svg","caption":"Optimized"},"image":{"@id":"https:\/\/www.optimized.ro\/#\/schema\/logo\/image\/"}}]}},"_links":{"self":[{"href":"https:\/\/www.optimized.ro\/en\/wp-json\/wp\/v2\/pages\/2597","targetHints":{"allow":["GET"]}}],"collection":[{"href":"https:\/\/www.optimized.ro\/en\/wp-json\/wp\/v2\/pages"}],"about":[{"href":"https:\/\/www.optimized.ro\/en\/wp-json\/wp\/v2\/types\/page"}],"author":[{"embeddable":true,"href":"https:\/\/www.optimized.ro\/en\/wp-json\/wp\/v2\/users\/1"}],"replies":[{"embeddable":true,"href":"https:\/\/www.optimized.ro\/en\/wp-json\/wp\/v2\/comments?post=2597"}],"version-history":[{"count":0,"href":"https:\/\/www.optimized.ro\/en\/wp-json\/wp\/v2\/pages\/2597\/revisions"}],"wp:attachment":[{"href":"https:\/\/www.optimized.ro\/en\/wp-json\/wp\/v2\/media?parent=2597"}],"curies":[{"name":"wp","href":"https:\/\/api.w.org\/{rel}","templated":true}]}}