{"id":2195,"date":"2022-12-15T12:47:15","date_gmt":"2022-12-15T12:47:15","guid":{"rendered":"https:\/\/optimized1.wpengine.com\/?page_id=2195"},"modified":"2025-08-28T10:54:09","modified_gmt":"2025-08-28T10:54:09","slug":"google-ads","status":"publish","type":"page","link":"https:\/\/www.optimized.ro\/en\/google-ads\/","title":{"rendered":"Google Ads"},"content":{"rendered":"<div class=\"wp-block-group full-width-container strategie-container cursuri-first curs-google is-layout-flow wp-block-group-is-layout-flow\">\n<figure class=\"wp-block-image size-full orange-elipse\"><img loading=\"lazy\" decoding=\"async\" width=\"182\" height=\"265\" src=\"https:\/\/optimized1.wpengine.com\/wp-content\/uploads\/2022\/10\/Ellipse-22-1.png\" alt=\"\" class=\"wp-image-493\"\/><\/figure>\n\n\n\n<div class=\"wp-block-columns strategie-columns is-layout-flex wp-container-core-columns-is-layout-28f84493 wp-block-columns-is-layout-flex\">\n<div class=\"wp-block-column is-layout-flow wp-block-column-is-layout-flow\">\n<div class=\"wp-block-group strategie-group is-layout-flow wp-block-group-is-layout-flow\">\n<p class=\"cover-big-title\">Google Ads Course<\/p>\n\n\n\n<p class=\"green-box-info\"><em>Trainer: M\u0103d\u0103lina St\u0103nescu, ex-Google (8 ani experience)<\/em><\/p>\n\n\n\n<p class=\"strategie-basic-info translation-block\">Google Ads is one of the most effective ways to advertise online and the costs are performance-related.<\/p>\n\n\n\n<p class=\"strategie-basic-info translation-block\">In other words, <strong>Google Ads advertising<\/strong> has higher costs precisely because it is effective. Plus, the fierce competition is an important variable of the equation.\n<br>\n<br>In this context, it is very important to know how to set up a campaign that is truly profitable and that helps you achieve the business objectives outlined in the online strategy of your business.\n<br>\n<br>A <strong>Google Ads course\/ PPC training<\/strong> may be a good choice in several contexts: for example, if you are already a digital marketing specialist and want to acquire further knowledge about Google Ads, if you have set up campaigns before and did not get the expected outcome, if you are just starting out and want to specialize in this area or if you have a business and you want to grow it online.<\/p>\n\n\n\n<div class=\"wp-block-buttons is-layout-flex wp-block-buttons-is-layout-flex\">\n<div class=\"wp-block-button white-box-button optimized-button\"><a class=\"wp-block-button__link wp-element-button\" href=\"https:\/\/www.optimized.ro\/en\/contact\/\">FIND OUT MORE<\/a><\/div>\n<\/div>\n<\/div>\n<\/div>\n\n\n\n<div class=\"wp-block-column strategie-img-column is-layout-flow wp-block-column-is-layout-flow\">\n<figure class=\"wp-block-image size-large animated fadeIn delay-200ms\"><img loading=\"lazy\" decoding=\"async\" width=\"1024\" height=\"699\" src=\"https:\/\/optimized1.wpengine.com\/wp-content\/uploads\/2022\/12\/google_ads-1024x699.jpg\" alt=\"\" class=\"wp-image-2238\" srcset=\"https:\/\/www.optimized.ro\/wp-content\/uploads\/2022\/12\/google_ads-1024x699.jpg 1024w, https:\/\/www.optimized.ro\/wp-content\/uploads\/2022\/12\/google_ads-300x205.jpg 300w, https:\/\/www.optimized.ro\/wp-content\/uploads\/2022\/12\/google_ads-768x524.jpg 768w, https:\/\/www.optimized.ro\/wp-content\/uploads\/2022\/12\/google_ads-18x12.jpg 18w, https:\/\/www.optimized.ro\/wp-content\/uploads\/2022\/12\/google_ads.jpg 1400w\" sizes=\"auto, (max-width: 1024px) 100vw, 1024px\" \/><\/figure>\n<\/div>\n<\/div>\n<\/div>\n\n\n\n<div class=\"wp-block-group etape-container basic-container cursuri-etape curs-google is-layout-flow wp-block-group-is-layout-flow\">\n<div class=\"wp-block-columns etapizare-columns is-layout-flex wp-container-core-columns-is-layout-28f84493 wp-block-columns-is-layout-flex\">\n<div class=\"wp-block-column etape-icon-column animated fadeInUp is-layout-flow wp-block-column-is-layout-flow\">\n<div class=\"wp-block-group is-layout-flow wp-block-group-is-layout-flow\">\n<div class=\"wp-block-columns is-layout-flex wp-container-core-columns-is-layout-28f84493 wp-block-columns-is-layout-flex\">\n<div class=\"wp-block-column is-layout-flow wp-block-column-is-layout-flow\">\n<div class=\"wp-block-group etape-white-group is-layout-flow wp-block-group-is-layout-flow\">\n<figure class=\"wp-block-image size-full\"><img loading=\"lazy\" decoding=\"async\" width=\"50\" height=\"50\" src=\"https:\/\/optimized1.wpengine.com\/wp-content\/uploads\/2022\/10\/Vector-8.png\" alt=\"\" class=\"wp-image-535\"\/><\/figure>\n\n\n\n<p class=\"box-subtitle\">Tailored Training Performance<\/p>\n\n\n\n<div class=\"wp-block-buttons is-layout-flex wp-block-buttons-is-layout-flex\">\n<div class=\"wp-block-button blog-button\"><a class=\"wp-block-button__link wp-element-button\" href=\"https:\/\/www.optimized.ro\/en\/training-performance\/\">FIND OUT MORE<\/a><\/div>\n<\/div>\n<\/div>\n<\/div>\n\n\n\n<div class=\"wp-block-column etape-icon-second-column is-layout-flow wp-block-column-is-layout-flow\">\n<div class=\"wp-block-group etape-white-group is-layout-flow wp-block-group-is-layout-flow\">\n<figure class=\"wp-block-image size-full\"><img loading=\"lazy\" decoding=\"async\" width=\"50\" height=\"50\" src=\"https:\/\/optimized1.wpengine.com\/wp-content\/uploads\/2022\/10\/Vector-10.png\" alt=\"\" class=\"wp-image-538\"\/><\/figure>\n\n\n\n<p class=\"box-subtitle\">Social Media Ads Course<\/p>\n\n\n\n<div class=\"wp-block-buttons is-layout-flex wp-block-buttons-is-layout-flex\">\n<div class=\"wp-block-button blog-button\"><a class=\"wp-block-button__link wp-element-button\" href=\"https:\/\/www.optimized.ro\/en\/social-media-ads\/\">FIND OUT MORE<\/a><\/div>\n<\/div>\n<\/div>\n<\/div>\n<\/div>\n<\/div>\n<\/div>\n\n\n\n<div class=\"wp-block-column etape-text-column is-layout-flow wp-block-column-is-layout-flow\">\n<div class=\"wp-block-group etape-text-group is-layout-flow wp-block-group-is-layout-flow\">\n<p class=\"strategie-basic-info translation-block\">A Google Ads training may also be a good idea if you choose in-house PPC and you need <a href=\"\/training-performance\/\" data-type=\"URL\" data-id=\"\/training-performance\/\" target=\"_self\">advanced training for your team<\/a>.<\/p>\n\n\n\n<p class=\"strategie-basic-info\">Because our principles of business have always focused on providing real knowledge and tangible results, only Google certified trainers are part of the Optimized team. So far, they have conducted hundreds of seminars and courses.<\/p>\n\n\n\n<p class=\"strategie-basic-info translation-block\">A <strong>Google Ads course \/ PPC training<\/strong> may be the ideal investment, especially when you want your online team to grow with your business and particularly in the current context, when PPC marketing is no longer an option, but a vital element for a successful online strategy.<\/p>\n\n\n\n<p class=\"strategie-basic-info\"><strong>Therefore, if you have decided to invest in Google Ads training, we are here to help you!<\/strong><\/p>\n<\/div>\n<\/div>\n<\/div>\n<\/div>\n\n\n\n<div class=\"wp-block-group basic-container form-container is-layout-flow wp-block-group-is-layout-flow\">\n<figure class=\"wp-block-image size-full orange-elipse\"><img loading=\"lazy\" decoding=\"async\" width=\"104\" height=\"96\" src=\"https:\/\/optimized1.wpengine.com\/wp-content\/uploads\/2022\/10\/Ellipse-34.png\" alt=\"\" class=\"wp-image-512\"\/><\/figure>\n\n\n\n<figure class=\"wp-block-image size-full green-circle\"><img loading=\"lazy\" decoding=\"async\" width=\"56\" height=\"56\" src=\"https:\/\/optimized1.wpengine.com\/wp-content\/uploads\/2022\/10\/Ellipse-24.png\" alt=\"\" class=\"wp-image-202\"\/><\/figure>\n\n\n\n<p class=\"white-box-title\">Let's get to know each other!<\/p>\n\n\n<div class=\"wpcf7 no-js\" id=\"wpcf7-f2367-o1\" lang=\"en-US\" dir=\"ltr\">\n<div class=\"screen-reader-response\"><p role=\"status\" aria-live=\"polite\" aria-atomic=\"true\"><\/p> <ul><\/ul><\/div>\n<form action=\"\/en\/wp-json\/wp\/v2\/pages\/2195#wpcf7-f2367-o1\" method=\"post\" class=\"wpcf7-form init\" aria-label=\"Contact form\" novalidate=\"novalidate\" data-status=\"init\" data-trp-original-action=\"\/en\/wp-json\/wp\/v2\/pages\/2195#wpcf7-f2367-o1\">\n<div style=\"display: none;\">\n<input type=\"hidden\" name=\"_wpcf7\" value=\"2367\" \/>\n<input type=\"hidden\" name=\"_wpcf7_version\" value=\"5.7.2\" \/>\n<input type=\"hidden\" name=\"_wpcf7_locale\" value=\"en_US\" \/>\n<input type=\"hidden\" name=\"_wpcf7_unit_tag\" value=\"wpcf7-f2367-o1\" \/>\n<input type=\"hidden\" name=\"_wpcf7_container_post\" value=\"0\" \/>\n<input type=\"hidden\" name=\"_wpcf7_posted_data_hash\" value=\"\" \/>\n<input type=\"hidden\" name=\"_wpcf7_recaptcha_response\" value=\"\" \/>\n<\/div>\n<div class=\"optimized-form-container\">\n\t<div class=\"nume-prenume-group\">\n\t\t<div class=\"nume-div\">\n\t\t\t<p><span class=\"wpcf7-form-control-wrap\" data-name=\"nume\"><input size=\"40\" class=\"wpcf7-form-control wpcf7-text wpcf7-validates-as-required\" aria-required=\"true\" aria-invalid=\"false\" placeholder=\"Name\" value=\"\" type=\"text\" name=\"nume\" \/><\/span>\n\t\t\t<\/p>\n\t\t<\/div>\n\t\t<div class=\"prenume-div\">\n\t\t\t<p><span class=\"wpcf7-form-control-wrap\" data-name=\"prenume\"><input size=\"40\" class=\"wpcf7-form-control wpcf7-text wpcf7-validates-as-required\" aria-required=\"true\" aria-invalid=\"false\" placeholder=\"First name\" value=\"\" type=\"text\" name=\"prenume\" \/><\/span>\n\t\t\t<\/p>\n\t\t<\/div>\n\t<\/div>\n\t<div class=\"telefon-email-group\">\n\t\t<div class=\"telefon-div\">\n\t\t\t<p><span class=\"wpcf7-form-control-wrap\" data-name=\"tel-357\"><input size=\"40\" class=\"wpcf7-form-control wpcf7-text wpcf7-tel wpcf7-validates-as-required wpcf7-validates-as-tel\" aria-required=\"true\" aria-invalid=\"false\" placeholder=\"Phone number\" value=\"\" type=\"tel\" name=\"tel-357\" \/><\/span>\n\t\t\t<\/p>\n\t\t<\/div>\n\t\t<div class=\"email-div\">\n\t\t\t<p><span class=\"wpcf7-form-control-wrap\" data-name=\"email\"><input size=\"40\" class=\"wpcf7-form-control wpcf7-text wpcf7-email wpcf7-validates-as-required wpcf7-validates-as-email\" aria-required=\"true\" aria-invalid=\"false\" placeholder=\"Email\" value=\"\" type=\"email\" name=\"email\" \/><\/span>\n\t\t\t<\/p>\n\t\t<\/div>\n\t<\/div>\n\t<div class=\"mesaj-group\">\n\t\t<p><span class=\"wpcf7-form-control-wrap\" data-name=\"mesajul-tau\"><textarea cols=\"40\" rows=\"10\" class=\"wpcf7-form-control wpcf7-textarea\" aria-invalid=\"false\" placeholder=\"Message\" name=\"mesajul-tau\"><\/textarea><\/span>\n\t\t<\/p>\n\t<\/div>\n\t<div class=\"check-button-group\">\n\t\t<p><span class=\"wpcf7-form-control-wrap\" data-name=\"checkbox-572\"><span class=\"wpcf7-form-control wpcf7-checkbox wpcf7-validates-as-required form-checkbox\"><span class=\"wpcf7-list-item first last\"><label><input type=\"checkbox\" name=\"checkbox-572[]\" value=\"Sunt de acord cu politica de prelucrare a datelor cu caracter personal\" tabindex=\"\" \/><span class=\"wpcf7-list-item-label\">I agree to the Privacy policy.<\/span><\/label><\/span><\/span><\/span>\n\t\t<\/p>\n\t\t<div class=\"button-div\">\n\t\t\t<p><input class=\"wpcf7-form-control has-spinner wpcf7-submit form-button\" type=\"submit\" value=\"REQUEST AN OFFER\" \/>\n\t\t\t<\/p>\n\t\t<\/div>\n\t<\/div>\n<\/div><div class=\"wpcf7-response-output\" aria-hidden=\"true\"><\/div><input type=\"hidden\" name=\"trp-form-language\" value=\"en\"\/><\/form><\/div>\n\n\n\n<figure class=\"wp-block-image size-full orange-circle\"><img loading=\"lazy\" decoding=\"async\" width=\"38\" height=\"38\" src=\"https:\/\/optimized1.wpengine.com\/wp-content\/uploads\/2022\/10\/Ellipse-25.png\" alt=\"\" class=\"wp-image-203\"\/><\/figure>\n\n\n\n<figure class=\"wp-block-image size-full green-elipse\"><img loading=\"lazy\" decoding=\"async\" width=\"161\" height=\"149\" src=\"https:\/\/optimized1.wpengine.com\/wp-content\/uploads\/2022\/10\/Ellipse-33.png\" alt=\"\" class=\"wp-image-513\"\/><\/figure>\n<\/div>","protected":false},"excerpt":{"rendered":"<p>Curs Google Ads Trainer: M\u0103d\u0103lina St\u0103nescu, ex-Google (8 ani experien\u021b\u0103) Google Ads reprezint\u0103 una dintre cele mai eficiente modalit\u0103\u021bi de promovare online, \u00eens\u0103 la fel de adev\u0103rat este faptul c\u0103 \u0219i costurile sunt raportate la eficien\u021ba oferit\u0103. Cu alte cuvinte, promovarea prin Google Ads cost\u0103 mai mult tocmai pentru c\u0103 este eficient\u0103 \u0219i pentru c\u0103 [&hellip;]<\/p>","protected":false},"author":1,"featured_media":0,"parent":0,"menu_order":0,"comment_status":"closed","ping_status":"closed","template":"","meta":{"inline_featured_image":false,"footnotes":""},"class_list":["post-2195","page","type-page","status-publish","hentry"],"yoast_head":"<!-- This site is optimized with the Yoast SEO plugin v19.14 - https:\/\/yoast.com\/wordpress\/plugins\/seo\/ -->\n<title>Google Ads - Optimized<\/title>\n<meta name=\"robots\" content=\"index, follow, max-snippet:-1, max-image-preview:large, max-video-preview:-1\" \/>\n<link rel=\"canonical\" href=\"https:\/\/www.optimized.ro\/en\/google-ads\/\" \/>\n<meta property=\"og:locale\" content=\"en_US\" \/>\n<meta property=\"og:type\" content=\"article\" \/>\n<meta property=\"og:title\" content=\"Google Ads - Optimized\" \/>\n<meta property=\"og:description\" content=\"Curs Google Ads Trainer: M\u0103d\u0103lina St\u0103nescu, ex-Google (8 ani experien\u021b\u0103) Google Ads reprezint\u0103 una dintre cele mai eficiente modalit\u0103\u021bi de promovare online, \u00eens\u0103 la fel de adev\u0103rat este faptul c\u0103 \u0219i costurile sunt raportate la eficien\u021ba oferit\u0103. Cu alte cuvinte, promovarea prin Google Ads cost\u0103 mai mult tocmai pentru c\u0103 este eficient\u0103 \u0219i pentru c\u0103 [&hellip;]\" \/>\n<meta property=\"og:url\" content=\"https:\/\/www.optimized.ro\/en\/google-ads\/\" \/>\n<meta property=\"og:site_name\" content=\"Optimized\" \/>\n<meta property=\"article:modified_time\" content=\"2025-08-28T10:54:09+00:00\" \/>\n<meta property=\"og:image\" content=\"https:\/\/optimized1.wpengine.com\/wp-content\/uploads\/2022\/10\/Ellipse-22-1.png\" \/>\n<meta name=\"twitter:card\" content=\"summary_large_image\" \/>\n<meta name=\"twitter:label1\" content=\"Est. reading time\" \/>\n\t<meta name=\"twitter:data1\" content=\"4 minutes\" \/>\n<script type=\"application\/ld+json\" class=\"yoast-schema-graph\">{\"@context\":\"https:\/\/schema.org\",\"@graph\":[{\"@type\":\"WebPage\",\"@id\":\"https:\/\/www.optimized.ro\/google-ads\/\",\"url\":\"https:\/\/www.optimized.ro\/google-ads\/\",\"name\":\"Google Ads - Optimized\",\"isPartOf\":{\"@id\":\"https:\/\/www.optimized.ro\/#website\"},\"datePublished\":\"2022-12-15T12:47:15+00:00\",\"dateModified\":\"2025-08-28T10:54:09+00:00\",\"breadcrumb\":{\"@id\":\"https:\/\/www.optimized.ro\/google-ads\/#breadcrumb\"},\"inLanguage\":\"en-US\",\"potentialAction\":[{\"@type\":\"ReadAction\",\"target\":[\"https:\/\/www.optimized.ro\/google-ads\/\"]}]},{\"@type\":\"BreadcrumbList\",\"@id\":\"https:\/\/www.optimized.ro\/google-ads\/#breadcrumb\",\"itemListElement\":[{\"@type\":\"ListItem\",\"position\":1,\"name\":\"Home\",\"item\":\"https:\/\/www.optimized.ro\/\"},{\"@type\":\"ListItem\",\"position\":2,\"name\":\"Google Ads\"}]},{\"@type\":\"WebSite\",\"@id\":\"https:\/\/www.optimized.ro\/#website\",\"url\":\"https:\/\/www.optimized.ro\/\",\"name\":\"Optimized\",\"description\":\"AI-ready marketing agency\",\"publisher\":{\"@id\":\"https:\/\/www.optimized.ro\/#organization\"},\"potentialAction\":[{\"@type\":\"SearchAction\",\"target\":{\"@type\":\"EntryPoint\",\"urlTemplate\":\"https:\/\/www.optimized.ro\/?s={search_term_string}\"},\"query-input\":\"required name=search_term_string\"}],\"inLanguage\":\"en-US\"},{\"@type\":\"Organization\",\"@id\":\"https:\/\/www.optimized.ro\/#organization\",\"name\":\"Optimized\",\"url\":\"https:\/\/www.optimized.ro\/\",\"logo\":{\"@type\":\"ImageObject\",\"inLanguage\":\"en-US\",\"@id\":\"https:\/\/www.optimized.ro\/#\/schema\/logo\/image\/\",\"url\":\"https:\/\/www.optimized.ro\/wp-content\/uploads\/2023\/01\/logo_Optimized_Q-1.svg\",\"contentUrl\":\"https:\/\/www.optimized.ro\/wp-content\/uploads\/2023\/01\/logo_Optimized_Q-1.svg\",\"caption\":\"Optimized\"},\"image\":{\"@id\":\"https:\/\/www.optimized.ro\/#\/schema\/logo\/image\/\"}}]}<\/script>\n<!-- \/ Yoast SEO plugin. -->","yoast_head_json":{"title":"Google Ads - Optimized","robots":{"index":"index","follow":"follow","max-snippet":"max-snippet:-1","max-image-preview":"max-image-preview:large","max-video-preview":"max-video-preview:-1"},"canonical":"https:\/\/www.optimized.ro\/en\/google-ads\/","og_locale":"en_US","og_type":"article","og_title":"Google Ads - Optimized","og_description":"Curs Google Ads Trainer: M\u0103d\u0103lina St\u0103nescu, ex-Google (8 ani experien\u021b\u0103) Google Ads reprezint\u0103 una dintre cele mai eficiente modalit\u0103\u021bi de promovare online, \u00eens\u0103 la fel de adev\u0103rat este faptul c\u0103 \u0219i costurile sunt raportate la eficien\u021ba oferit\u0103. Cu alte cuvinte, promovarea prin Google Ads cost\u0103 mai mult tocmai pentru c\u0103 este eficient\u0103 \u0219i pentru c\u0103 [&hellip;]","og_url":"https:\/\/www.optimized.ro\/en\/google-ads\/","og_site_name":"Optimized","article_modified_time":"2025-08-28T10:54:09+00:00","og_image":[{"url":"https:\/\/optimized1.wpengine.com\/wp-content\/uploads\/2022\/10\/Ellipse-22-1.png"}],"twitter_card":"summary_large_image","twitter_misc":{"Est. reading time":"4 minutes"},"schema":{"@context":"https:\/\/schema.org","@graph":[{"@type":"WebPage","@id":"https:\/\/www.optimized.ro\/google-ads\/","url":"https:\/\/www.optimized.ro\/google-ads\/","name":"Google Ads - Optimized","isPartOf":{"@id":"https:\/\/www.optimized.ro\/#website"},"datePublished":"2022-12-15T12:47:15+00:00","dateModified":"2025-08-28T10:54:09+00:00","breadcrumb":{"@id":"https:\/\/www.optimized.ro\/google-ads\/#breadcrumb"},"inLanguage":"en-US","potentialAction":[{"@type":"ReadAction","target":["https:\/\/www.optimized.ro\/google-ads\/"]}]},{"@type":"BreadcrumbList","@id":"https:\/\/www.optimized.ro\/google-ads\/#breadcrumb","itemListElement":[{"@type":"ListItem","position":1,"name":"Home","item":"https:\/\/www.optimized.ro\/"},{"@type":"ListItem","position":2,"name":"Google Ads"}]},{"@type":"WebSite","@id":"https:\/\/www.optimized.ro\/#website","url":"https:\/\/www.optimized.ro\/","name":"Optimized","description":"AI-ready marketing agency","publisher":{"@id":"https:\/\/www.optimized.ro\/#organization"},"potentialAction":[{"@type":"SearchAction","target":{"@type":"EntryPoint","urlTemplate":"https:\/\/www.optimized.ro\/?s={search_term_string}"},"query-input":"required name=search_term_string"}],"inLanguage":"en-US"},{"@type":"Organization","@id":"https:\/\/www.optimized.ro\/#organization","name":"Optimized","url":"https:\/\/www.optimized.ro\/","logo":{"@type":"ImageObject","inLanguage":"en-US","@id":"https:\/\/www.optimized.ro\/#\/schema\/logo\/image\/","url":"https:\/\/www.optimized.ro\/wp-content\/uploads\/2023\/01\/logo_Optimized_Q-1.svg","contentUrl":"https:\/\/www.optimized.ro\/wp-content\/uploads\/2023\/01\/logo_Optimized_Q-1.svg","caption":"Optimized"},"image":{"@id":"https:\/\/www.optimized.ro\/#\/schema\/logo\/image\/"}}]}},"_links":{"self":[{"href":"https:\/\/www.optimized.ro\/en\/wp-json\/wp\/v2\/pages\/2195","targetHints":{"allow":["GET"]}}],"collection":[{"href":"https:\/\/www.optimized.ro\/en\/wp-json\/wp\/v2\/pages"}],"about":[{"href":"https:\/\/www.optimized.ro\/en\/wp-json\/wp\/v2\/types\/page"}],"author":[{"embeddable":true,"href":"https:\/\/www.optimized.ro\/en\/wp-json\/wp\/v2\/users\/1"}],"replies":[{"embeddable":true,"href":"https:\/\/www.optimized.ro\/en\/wp-json\/wp\/v2\/comments?post=2195"}],"version-history":[{"count":0,"href":"https:\/\/www.optimized.ro\/en\/wp-json\/wp\/v2\/pages\/2195\/revisions"}],"wp:attachment":[{"href":"https:\/\/www.optimized.ro\/en\/wp-json\/wp\/v2\/media?parent=2195"}],"curies":[{"name":"wp","href":"https:\/\/api.w.org\/{rel}","templated":true}]}}