{"id":2148,"date":"2022-12-15T09:21:53","date_gmt":"2022-12-15T09:21:53","guid":{"rendered":"https:\/\/optimized1.wpengine.com\/?page_id=2148"},"modified":"2025-08-28T08:50:10","modified_gmt":"2025-08-28T08:50:10","slug":"ppc-marketing","status":"publish","type":"page","link":"https:\/\/www.optimized.ro\/en\/ppc-marketing\/","title":{"rendered":"PPC Marketing"},"content":{"rendered":"<div class=\"wp-block-group full-width-container strategie-container ppc-marketing is-layout-flow wp-block-group-is-layout-flow\">\n<figure class=\"wp-block-image size-full orange-elipse\"><img loading=\"lazy\" decoding=\"async\" width=\"182\" height=\"265\" src=\"https:\/\/optimized1.wpengine.com\/wp-content\/uploads\/2022\/10\/Ellipse-22-1.png\" alt=\"\" class=\"wp-image-493\"\/><\/figure>\n\n\n\n<div class=\"wp-block-columns strategie-columns is-layout-flex wp-container-core-columns-is-layout-28f84493 wp-block-columns-is-layout-flex\">\n<div class=\"wp-block-column is-layout-flow wp-block-column-is-layout-flow\">\n<div class=\"wp-block-group strategie-group is-layout-flow wp-block-group-is-layout-flow\">\n<p class=\"cover-big-title\"><strong>PPC Marketing<\/strong><\/p>\n\n\n\n<p class=\"strategie-basic-info\">Google Ads, Facebook Ads, YouTube Ads, Instagram Ads, Bing Ads: at Optimized we make them all work for you and we constantly optimize their performance, because we focus on obtaining real results that can be easily measured.<\/p>\n\n\n\n<p class=\"strategie-basic-info translation-block\">Studies show that <strong>about 80% of internet users<\/strong> only access the sites in the<strong> top 5 positions <\/strong>on the first page of Google, so your goal should be to have the best possible position.<\/p>\n\n\n\n<p class=\"strategie-basic-info\">You can achieve this using a very well-developed SEO strategy, but you will need time and constant investment to achieve the desired results.<\/p>\n\n\n\n<div class=\"wp-block-buttons is-layout-flex wp-block-buttons-is-layout-flex\">\n<div class=\"wp-block-button white-box-button optimized-button\"><a class=\"wp-block-button__link wp-element-button\" href=\"https:\/\/www.optimized.ro\/en\/contact\/\">FIND OUT MORE<\/a><\/div>\n<\/div>\n<\/div>\n<\/div>\n\n\n\n<div class=\"wp-block-column strategie-img-column is-layout-flow wp-block-column-is-layout-flow\">\n<figure class=\"wp-block-image size-large animated fadeIn\"><img loading=\"lazy\" decoding=\"async\" width=\"1024\" height=\"683\" src=\"https:\/\/optimized1.wpengine.com\/wp-content\/uploads\/2022\/12\/iStock-623361562-1024x683.jpg\" alt=\"\" class=\"wp-image-2170\" srcset=\"https:\/\/www.optimized.ro\/wp-content\/uploads\/2022\/12\/iStock-623361562-1024x683.jpg 1024w, https:\/\/www.optimized.ro\/wp-content\/uploads\/2022\/12\/iStock-623361562-300x200.jpg 300w, https:\/\/www.optimized.ro\/wp-content\/uploads\/2022\/12\/iStock-623361562-768x512.jpg 768w, https:\/\/www.optimized.ro\/wp-content\/uploads\/2022\/12\/iStock-623361562-1536x1024.jpg 1536w, https:\/\/www.optimized.ro\/wp-content\/uploads\/2022\/12\/iStock-623361562-2048x1365.jpg 2048w, https:\/\/www.optimized.ro\/wp-content\/uploads\/2022\/12\/iStock-623361562-18x12.jpg 18w\" sizes=\"auto, (max-width: 1024px) 100vw, 1024px\" \/><\/figure>\n<\/div>\n<\/div>\n<\/div>\n\n\n\n<div class=\"wp-block-group green-framework  full-width-container ppc-marketing is-layout-flow wp-block-group-is-layout-flow\">\n<figure class=\"wp-block-image size-full green-elipse\"><img loading=\"lazy\" decoding=\"async\" width=\"138\" height=\"259\" src=\"https:\/\/optimized1.wpengine.com\/wp-content\/uploads\/2022\/10\/Ellipse-31.png\" alt=\"\" class=\"wp-image-495\"\/><\/figure>\n\n\n\n<div class=\"wp-block-columns basic-container green-columns is-layout-flex wp-container-core-columns-is-layout-28f84493 wp-block-columns-is-layout-flex\">\n<div class=\"wp-block-column framework-text-column animated fadeInLeft is-layout-flow wp-block-column-is-layout-flow\">\n<div class=\"wp-block-group framework-text-group is-layout-flow wp-block-group-is-layout-flow\">\n<h2 class=\"wp-block-heading white-box-title\">When do you use PPC marketing services?<\/h2>\n\n\n\n<p class=\"green-box-info\">However, time and constant investment could be a problem for start-up businesses that do not have consistent budgets and the ability to generate revenue large enough in a short time to cover the costs of an SEO strategy. This is where PPC marketing services step in, giving you the opportunity to occupy the first position for a fair price.<\/p>\n\n\n\n<p class=\"green-box-info translation-block\">There is no need to wait any longer to get the desired traffic on the website and increase your sales volume when you are using PPC services \/ PPC advertising \/ PPC campaigns.<\/p>\n\n\n\n<p class=\"green-box-info translation-block\">Choosing to use PPC marketing services will provide you with a huge benefit:  you no longer have a delay in gaining the desired results of site traffic and properly growing your volume of sales. <strong>With PPC marketing services you are able to establish a financial plan by choosing the budget you are willing to spend. <\/strong><\/p>\n<\/div>\n<\/div>\n\n\n\n<div class=\"wp-block-column framework-boxes-column animated fadeInLeft is-layout-flow wp-block-column-is-layout-flow\">\n<div class=\"wp-block-group is-layout-flow wp-block-group-is-layout-flow\">\n<h2 class=\"wp-block-heading white-box-title\">How much do you need to invest in PPC marketing?<\/h2>\n\n\n\n<p class=\"green-box-info\"><strong>PPC (Pay-Per-Click) Advertising<\/strong> can quickly become one of the most performant and powerful online marketing channel, especially when choosing to collaborate with well-trained specialists.<\/p>\n\n\n\n<p class=\"green-box-info\">The presence of a well-trained PPC marketing specialist is essential for the success of your online strategy. However, one of the most fundamental conditions which makes a PPC marketing specialist truly great is its capacity to properly and intelligently know how to invest your budget by deciding which is the most profitable, cost-effective platform for your business.<\/p>\n\n\n\n<p class=\"green-box-info\">In this case, the proper technique which needs to be applied depends on your desired goals, needs and objectives that you want to reach as well as on your business specific.<\/p>\n\n\n\n<p class=\"green-box-info\">Last but not least, if you take into consideration an investment in a <strong>PPC marketing service <\/strong>you have to take into account that this type of assistance will provide you with the best results only when also having at disposal a well-thought SEO strategy.<\/p>\n\n\n\n<p class=\"green-box-info\">Optimized agency offers PPC marketing services by providing not only reasonable prices but also, guaranteeing  the achievement of obtaining <strong>real, quantifiable results<\/strong>.<\/p>\n<\/div>\n<\/div>\n<\/div>\n\n\n\n<figure class=\"wp-block-image size-full orange-elipse-cut\"><img loading=\"lazy\" decoding=\"async\" width=\"195\" height=\"287\" src=\"https:\/\/optimized1.wpengine.com\/wp-content\/uploads\/2022\/10\/Ellipse-39.png\" alt=\"\" class=\"wp-image-511\"\/><\/figure>\n<\/div>\n\n\n\n<div class=\"wp-block-group faq-container is-layout-flow wp-block-group-is-layout-flow\"><div class=\"faq-item\"><br \/>\n  <div class=\"faq-question\">1. Cum \u00eemi pot seta un buget eficient pentru o campanie PPC?<\/div><br \/>\n  <div class=\"faq-answer\">Bugetul este pe deplin controlabil \u0219i flexibil: po\u021bi aloca exact suma pe care o dore\u0219ti. Optimized contribuie la folosirea inteligent\u0103 a resurselor, identific\u00e2nd platformele cele mai eficiente (Google Ads, Facebook Ads etc.) pentru obiectivele tale.<\/div><br \/>\n<\/div>\n<div class=\"faq-item\"><br \/>\n  <div class=\"faq-question\">2. Este PPC o solu\u021bie bun\u0103 dac\u0103 nu am un buget mare pentru SEO?<\/div><br \/>\n  <div class=\"faq-answer\">Da. Pentru afacerile la \u00eenceput de drum, unde bugetele sunt restr\u00e2nse \u0219i performan\u021ba rapid\u0103 este crucial\u0103, PPC este ideal \u2014 ofer\u0103 vizibilitate rapid\u0103 \u0219i trafic f\u0103r\u0103 investi\u021bia \u00een timp necesar\u0103 pentru SEO.<br \/>\n<\/div><br \/>\n<\/div>\n<div class=\"faq-item\"><br \/>\n  <div class=\"faq-question\">3. Trebuie s\u0103 aleg \u00eentre SEO \u0219i PPC sau pot func\u021biona \u00eempreun\u0103?<br \/>\n<\/div><br \/>\n  <div class=\"faq-answer\">Le po\u021bi folosi complementar. PPC aduce rezultate rapide, \u00een timp ce o strategie SEO pe termen lung asigur\u0103 pozi\u021bionare organic\u0103 stabil\u0103. Combinate, amplific\u0103 vizibilitatea \u0219i rentabilitatea investi\u021biei.<br \/>\n<\/div><br \/>\n<\/div>\n<div class=\"faq-item\"><br \/>\n  <div class=\"faq-question\">4. De ce e important s\u0103 lucrez cu un specialist PPC sau cu o agen\u021bie?<\/div><br \/>\n  <div class=\"faq-answer\">Un specialist sau o agen\u021bie precum Optimized gestioneaz\u0103 inteligent bugetul t\u0103u \u0219i aleg cele mai profitabile platforme \u0219i tactici. Acest lucru cre\u0219te eficien\u021ba campaniilor \u0219i contribuie la ob\u021binerea de rezultate m\u0103surabile \u0219i relevante.<br \/>\n<\/div><br \/>\n<\/div>\n<\/div>\n\n\n\n<div class=\"wp-block-group basic-container form-container is-layout-flow wp-block-group-is-layout-flow\">\n<figure class=\"wp-block-image size-full orange-elipse\"><img loading=\"lazy\" decoding=\"async\" width=\"104\" height=\"96\" src=\"https:\/\/optimized1.wpengine.com\/wp-content\/uploads\/2022\/10\/Ellipse-34.png\" alt=\"\" class=\"wp-image-512\"\/><\/figure>\n\n\n\n<figure class=\"wp-block-image size-full green-circle\"><img loading=\"lazy\" decoding=\"async\" width=\"56\" height=\"56\" src=\"https:\/\/optimized1.wpengine.com\/wp-content\/uploads\/2022\/10\/Ellipse-24.png\" alt=\"\" class=\"wp-image-202\"\/><\/figure>\n\n\n\n<p class=\"white-box-title\">Let's get to know each other!<\/p>\n\n\n<div class=\"wpcf7 no-js\" id=\"wpcf7-f2361-o1\" lang=\"en-US\" dir=\"ltr\">\n<div class=\"screen-reader-response\"><p role=\"status\" aria-live=\"polite\" aria-atomic=\"true\"><\/p> <ul><\/ul><\/div>\n<form action=\"\/en\/wp-json\/wp\/v2\/pages\/2148#wpcf7-f2361-o1\" method=\"post\" class=\"wpcf7-form init\" aria-label=\"Contact form\" novalidate=\"novalidate\" data-status=\"init\" data-trp-original-action=\"\/en\/wp-json\/wp\/v2\/pages\/2148#wpcf7-f2361-o1\">\n<div style=\"display: none;\">\n<input type=\"hidden\" name=\"_wpcf7\" value=\"2361\" \/>\n<input type=\"hidden\" name=\"_wpcf7_version\" value=\"5.7.2\" \/>\n<input type=\"hidden\" name=\"_wpcf7_locale\" value=\"en_US\" \/>\n<input type=\"hidden\" name=\"_wpcf7_unit_tag\" value=\"wpcf7-f2361-o1\" \/>\n<input type=\"hidden\" name=\"_wpcf7_container_post\" value=\"0\" \/>\n<input type=\"hidden\" name=\"_wpcf7_posted_data_hash\" value=\"\" \/>\n<input type=\"hidden\" name=\"_wpcf7_recaptcha_response\" value=\"\" \/>\n<\/div>\n<div class=\"optimized-form-container\">\n\t<div class=\"nume-prenume-group\">\n\t\t<div class=\"nume-div\">\n\t\t\t<p><span class=\"wpcf7-form-control-wrap\" data-name=\"nume\"><input size=\"40\" class=\"wpcf7-form-control wpcf7-text wpcf7-validates-as-required\" aria-required=\"true\" aria-invalid=\"false\" placeholder=\"Name\" value=\"\" type=\"text\" name=\"nume\" \/><\/span>\n\t\t\t<\/p>\n\t\t<\/div>\n\t\t<div class=\"prenume-div\">\n\t\t\t<p><span class=\"wpcf7-form-control-wrap\" data-name=\"prenume\"><input size=\"40\" class=\"wpcf7-form-control wpcf7-text wpcf7-validates-as-required\" aria-required=\"true\" aria-invalid=\"false\" placeholder=\"First name\" value=\"\" type=\"text\" name=\"prenume\" \/><\/span>\n\t\t\t<\/p>\n\t\t<\/div>\n\t<\/div>\n\t<div class=\"telefon-email-group\">\n\t\t<div class=\"telefon-div\">\n\t\t\t<p><span class=\"wpcf7-form-control-wrap\" data-name=\"tel-357\"><input size=\"40\" class=\"wpcf7-form-control wpcf7-text wpcf7-tel wpcf7-validates-as-required wpcf7-validates-as-tel\" aria-required=\"true\" aria-invalid=\"false\" placeholder=\"Phone number\" value=\"\" type=\"tel\" name=\"tel-357\" \/><\/span>\n\t\t\t<\/p>\n\t\t<\/div>\n\t\t<div class=\"email-div\">\n\t\t\t<p><span class=\"wpcf7-form-control-wrap\" data-name=\"email\"><input size=\"40\" class=\"wpcf7-form-control wpcf7-text wpcf7-email wpcf7-validates-as-required wpcf7-validates-as-email\" aria-required=\"true\" aria-invalid=\"false\" placeholder=\"Email\" value=\"\" type=\"email\" name=\"email\" \/><\/span>\n\t\t\t<\/p>\n\t\t<\/div>\n\t<\/div>\n\t<div class=\"mesaj-group\">\n\t\t<p><span class=\"wpcf7-form-control-wrap\" data-name=\"mesajul-tau\"><textarea cols=\"40\" rows=\"10\" class=\"wpcf7-form-control wpcf7-textarea\" aria-invalid=\"false\" placeholder=\"Message\" name=\"mesajul-tau\"><\/textarea><\/span>\n\t\t<\/p>\n\t<\/div>\n\t<div class=\"check-button-group\">\n\t\t<p><span class=\"wpcf7-form-control-wrap\" data-name=\"checkbox-572\"><span class=\"wpcf7-form-control wpcf7-checkbox wpcf7-validates-as-required form-checkbox\"><span class=\"wpcf7-list-item first last\"><label><input type=\"checkbox\" name=\"checkbox-572[]\" value=\"Sunt de acord cu politica de prelucrare a datelor cu caracter personal\" tabindex=\"\" \/><span class=\"wpcf7-list-item-label\">I agree to the Privacy policy.<\/span><\/label><\/span><\/span><\/span>\n\t\t<\/p>\n\t\t<div class=\"button-div\">\n\t\t\t<p><input class=\"wpcf7-form-control has-spinner wpcf7-submit form-button\" type=\"submit\" value=\"REQUEST AN OFFER\" \/>\n\t\t\t<\/p>\n\t\t<\/div>\n\t<\/div>\n<\/div><div class=\"wpcf7-response-output\" aria-hidden=\"true\"><\/div><input type=\"hidden\" name=\"trp-form-language\" value=\"en\"\/><\/form><\/div>\n\n\n\n<figure class=\"wp-block-image size-full orange-circle\"><img loading=\"lazy\" decoding=\"async\" width=\"38\" height=\"38\" src=\"https:\/\/optimized1.wpengine.com\/wp-content\/uploads\/2022\/10\/Ellipse-25.png\" alt=\"\" class=\"wp-image-203\"\/><\/figure>\n\n\n\n<figure class=\"wp-block-image size-full green-elipse\"><img loading=\"lazy\" decoding=\"async\" width=\"161\" height=\"149\" src=\"https:\/\/optimized1.wpengine.com\/wp-content\/uploads\/2022\/10\/Ellipse-33.png\" alt=\"\" class=\"wp-image-513\"\/><\/figure>\n<\/div>","protected":false},"excerpt":{"rendered":"<p>Ce presupune PPC Marketing Google Ads, Facebook Ads, YouTube Ads, Instagram Ads, Bing Ads: la Optimized le punem pe toate s\u0103 lucreze pentru tine \u0219i optimiz\u0103m constant performan\u021ba lor, pentru c\u0103 punem accent pe ob\u021binerea unor rezultate reale, care s\u0103 poat\u0103 fi m\u0103surate cu u\u0219urin\u021b\u0103. Studiile arat\u0103 c\u0103 aproximativ 80% dintre internau\u021bi acceseaz\u0103 doar site-urile [&hellip;]<\/p>","protected":false},"author":1,"featured_media":0,"parent":0,"menu_order":0,"comment_status":"closed","ping_status":"closed","template":"","meta":{"inline_featured_image":false,"footnotes":""},"class_list":["post-2148","page","type-page","status-publish","hentry"],"yoast_head":"<!-- This site is optimized with the Yoast SEO plugin v19.14 - https:\/\/yoast.com\/wordpress\/plugins\/seo\/ -->\n<title>Ce presupune PPC Marketing - Optimized<\/title>\n<meta name=\"robots\" content=\"index, follow, max-snippet:-1, max-image-preview:large, max-video-preview:-1\" \/>\n<link rel=\"canonical\" href=\"https:\/\/www.optimized.ro\/en\/ppc-marketing\/\" \/>\n<meta property=\"og:locale\" content=\"en_US\" \/>\n<meta property=\"og:type\" content=\"article\" \/>\n<meta property=\"og:title\" content=\"Ce presupune PPC Marketing - Optimized\" \/>\n<meta property=\"og:description\" content=\"Ce presupune PPC Marketing Google Ads, Facebook Ads, YouTube Ads, Instagram Ads, Bing Ads: la Optimized le punem pe toate s\u0103 lucreze pentru tine \u0219i optimiz\u0103m constant performan\u021ba lor, pentru c\u0103 punem accent pe ob\u021binerea unor rezultate reale, care s\u0103 poat\u0103 fi m\u0103surate cu u\u0219urin\u021b\u0103. Studiile arat\u0103 c\u0103 aproximativ 80% dintre internau\u021bi acceseaz\u0103 doar site-urile [&hellip;]\" \/>\n<meta property=\"og:url\" content=\"https:\/\/www.optimized.ro\/en\/ppc-marketing\/\" \/>\n<meta property=\"og:site_name\" content=\"Optimized\" \/>\n<meta property=\"article:modified_time\" content=\"2025-08-28T08:50:10+00:00\" \/>\n<meta property=\"og:image\" content=\"https:\/\/optimized1.wpengine.com\/wp-content\/uploads\/2022\/10\/Ellipse-22-1.png\" \/>\n<meta name=\"twitter:card\" content=\"summary_large_image\" \/>\n<meta name=\"twitter:label1\" content=\"Est. reading time\" \/>\n\t<meta name=\"twitter:data1\" content=\"6 minutes\" \/>\n<script type=\"application\/ld+json\" class=\"yoast-schema-graph\">{\"@context\":\"https:\/\/schema.org\",\"@graph\":[{\"@type\":\"WebPage\",\"@id\":\"https:\/\/www.optimized.ro\/ppc-marketing\/\",\"url\":\"https:\/\/www.optimized.ro\/ppc-marketing\/\",\"name\":\"Ce presupune PPC Marketing - Optimized\",\"isPartOf\":{\"@id\":\"https:\/\/www.optimized.ro\/#website\"},\"datePublished\":\"2022-12-15T09:21:53+00:00\",\"dateModified\":\"2025-08-28T08:50:10+00:00\",\"breadcrumb\":{\"@id\":\"https:\/\/www.optimized.ro\/ppc-marketing\/#breadcrumb\"},\"inLanguage\":\"en-US\",\"potentialAction\":[{\"@type\":\"ReadAction\",\"target\":[\"https:\/\/www.optimized.ro\/ppc-marketing\/\"]}]},{\"@type\":\"BreadcrumbList\",\"@id\":\"https:\/\/www.optimized.ro\/ppc-marketing\/#breadcrumb\",\"itemListElement\":[{\"@type\":\"ListItem\",\"position\":1,\"name\":\"Home\",\"item\":\"https:\/\/www.optimized.ro\/\"},{\"@type\":\"ListItem\",\"position\":2,\"name\":\"Ce presupune PPC Marketing\"}]},{\"@type\":\"WebSite\",\"@id\":\"https:\/\/www.optimized.ro\/#website\",\"url\":\"https:\/\/www.optimized.ro\/\",\"name\":\"Optimized\",\"description\":\"AI-ready marketing agency\",\"publisher\":{\"@id\":\"https:\/\/www.optimized.ro\/#organization\"},\"potentialAction\":[{\"@type\":\"SearchAction\",\"target\":{\"@type\":\"EntryPoint\",\"urlTemplate\":\"https:\/\/www.optimized.ro\/?s={search_term_string}\"},\"query-input\":\"required name=search_term_string\"}],\"inLanguage\":\"en-US\"},{\"@type\":\"Organization\",\"@id\":\"https:\/\/www.optimized.ro\/#organization\",\"name\":\"Optimized\",\"url\":\"https:\/\/www.optimized.ro\/\",\"logo\":{\"@type\":\"ImageObject\",\"inLanguage\":\"en-US\",\"@id\":\"https:\/\/www.optimized.ro\/#\/schema\/logo\/image\/\",\"url\":\"https:\/\/www.optimized.ro\/wp-content\/uploads\/2023\/01\/logo_Optimized_Q-1.svg\",\"contentUrl\":\"https:\/\/www.optimized.ro\/wp-content\/uploads\/2023\/01\/logo_Optimized_Q-1.svg\",\"caption\":\"Optimized\"},\"image\":{\"@id\":\"https:\/\/www.optimized.ro\/#\/schema\/logo\/image\/\"}}]}<\/script>\n<!-- \/ Yoast SEO plugin. -->","yoast_head_json":{"title":"Ce presupune PPC Marketing - Optimized","robots":{"index":"index","follow":"follow","max-snippet":"max-snippet:-1","max-image-preview":"max-image-preview:large","max-video-preview":"max-video-preview:-1"},"canonical":"https:\/\/www.optimized.ro\/en\/ppc-marketing\/","og_locale":"en_US","og_type":"article","og_title":"Ce presupune PPC Marketing - Optimized","og_description":"Ce presupune PPC Marketing Google Ads, Facebook Ads, YouTube Ads, Instagram Ads, Bing Ads: la Optimized le punem pe toate s\u0103 lucreze pentru tine \u0219i optimiz\u0103m constant performan\u021ba lor, pentru c\u0103 punem accent pe ob\u021binerea unor rezultate reale, care s\u0103 poat\u0103 fi m\u0103surate cu u\u0219urin\u021b\u0103. Studiile arat\u0103 c\u0103 aproximativ 80% dintre internau\u021bi acceseaz\u0103 doar site-urile [&hellip;]","og_url":"https:\/\/www.optimized.ro\/en\/ppc-marketing\/","og_site_name":"Optimized","article_modified_time":"2025-08-28T08:50:10+00:00","og_image":[{"url":"https:\/\/optimized1.wpengine.com\/wp-content\/uploads\/2022\/10\/Ellipse-22-1.png"}],"twitter_card":"summary_large_image","twitter_misc":{"Est. reading time":"6 minutes"},"schema":{"@context":"https:\/\/schema.org","@graph":[{"@type":"WebPage","@id":"https:\/\/www.optimized.ro\/ppc-marketing\/","url":"https:\/\/www.optimized.ro\/ppc-marketing\/","name":"Ce presupune PPC Marketing - Optimized","isPartOf":{"@id":"https:\/\/www.optimized.ro\/#website"},"datePublished":"2022-12-15T09:21:53+00:00","dateModified":"2025-08-28T08:50:10+00:00","breadcrumb":{"@id":"https:\/\/www.optimized.ro\/ppc-marketing\/#breadcrumb"},"inLanguage":"en-US","potentialAction":[{"@type":"ReadAction","target":["https:\/\/www.optimized.ro\/ppc-marketing\/"]}]},{"@type":"BreadcrumbList","@id":"https:\/\/www.optimized.ro\/ppc-marketing\/#breadcrumb","itemListElement":[{"@type":"ListItem","position":1,"name":"Home","item":"https:\/\/www.optimized.ro\/"},{"@type":"ListItem","position":2,"name":"Ce presupune PPC Marketing"}]},{"@type":"WebSite","@id":"https:\/\/www.optimized.ro\/#website","url":"https:\/\/www.optimized.ro\/","name":"Optimized","description":"AI-ready marketing agency","publisher":{"@id":"https:\/\/www.optimized.ro\/#organization"},"potentialAction":[{"@type":"SearchAction","target":{"@type":"EntryPoint","urlTemplate":"https:\/\/www.optimized.ro\/?s={search_term_string}"},"query-input":"required name=search_term_string"}],"inLanguage":"en-US"},{"@type":"Organization","@id":"https:\/\/www.optimized.ro\/#organization","name":"Optimized","url":"https:\/\/www.optimized.ro\/","logo":{"@type":"ImageObject","inLanguage":"en-US","@id":"https:\/\/www.optimized.ro\/#\/schema\/logo\/image\/","url":"https:\/\/www.optimized.ro\/wp-content\/uploads\/2023\/01\/logo_Optimized_Q-1.svg","contentUrl":"https:\/\/www.optimized.ro\/wp-content\/uploads\/2023\/01\/logo_Optimized_Q-1.svg","caption":"Optimized"},"image":{"@id":"https:\/\/www.optimized.ro\/#\/schema\/logo\/image\/"}}]}},"_links":{"self":[{"href":"https:\/\/www.optimized.ro\/en\/wp-json\/wp\/v2\/pages\/2148","targetHints":{"allow":["GET"]}}],"collection":[{"href":"https:\/\/www.optimized.ro\/en\/wp-json\/wp\/v2\/pages"}],"about":[{"href":"https:\/\/www.optimized.ro\/en\/wp-json\/wp\/v2\/types\/page"}],"author":[{"embeddable":true,"href":"https:\/\/www.optimized.ro\/en\/wp-json\/wp\/v2\/users\/1"}],"replies":[{"embeddable":true,"href":"https:\/\/www.optimized.ro\/en\/wp-json\/wp\/v2\/comments?post=2148"}],"version-history":[{"count":0,"href":"https:\/\/www.optimized.ro\/en\/wp-json\/wp\/v2\/pages\/2148\/revisions"}],"wp:attachment":[{"href":"https:\/\/www.optimized.ro\/en\/wp-json\/wp\/v2\/media?parent=2148"}],"curies":[{"name":"wp","href":"https:\/\/api.w.org\/{rel}","templated":true}]}}